{"id":2878,"date":"2022-05-23T15:34:02","date_gmt":"2022-05-23T15:34:02","guid":{"rendered":"https:\/\/wellness4all.net\/mang-luoi-thay-thuoc-dong-hanh-ho-tro-tu-xa-khan-cap-cho-cac-benh-nhan-covid-19\/"},"modified":"2022-05-23T15:34:02","modified_gmt":"2022-05-23T15:34:02","slug":"mang-luoi-thay-thuoc-dong-hanh-ho-tro-tu-xa-khan-cap-cho-cac-benh-nhan-covid-19","status":"publish","type":"page","link":"https:\/\/wellness4all.net\/en\/mang-luoi-thay-thuoc-dong-hanh-ho-tro-tu-xa-khan-cap-cho-cac-benh-nhan-covid-19\/","title":{"rendered":"M\u1ea1ng l\u01b0\u1edbi &#8220;Th\u1ea7y thu\u1ed1c \u0111\u1ed3ng h\u00e0nh&#8221; h\u1ed7 tr\u1ee3 t\u1eeb xa kh\u1ea9n c\u1ea5p cho c\u00e1c b\u1ec7nh nh\u00e2n COVID-19"},"content":{"rendered":"\n<p><strong>G\u1ecdi ngay t\u1ed5ng \u0111\u00e0i 024.1022 \u0111\u1ec3 \u0111\u01b0\u1ee3c t\u01b0 v\u1ea5n \u0111i\u1ec1u tr\u1ecb COVID-19 v\u00e0 h\u1eadu COVID-19 mi\u1ec5n ph\u00ed b\u1edfi M\u1ea1ng l\u01b0\u1edbi Th\u1ea7y thu\u1ed1c \u0111\u1ed3ng h\u00e0nh.<\/strong><\/p>\n\n\n\n<p>M\u1ea1ng l\u01b0\u1edbi &#8220;Th\u1ea7y Thu\u1ed1c \u0111\u1ed3ng h\u00e0nh&#8221; \u0111\u01b0\u1ee3c \u0111i\u1ec1u ph\u1ed1i b\u1edfi H\u1ed9i Th\u1ea7y thu\u1ed1c tr\u1ebb Vi\u1ec7t Nam, T\u1ed5 Th\u00f4ng tin \u0110\u00e1p \u1ee9ng nhanh ph\u00f2ng ch\u1ed1ng d\u1ecbch COVID-19; l\u1ea5y d\u1eef li\u1ec7u tr\u1ef1c ti\u1ebfp t\u1eeb CDC c\u00e1c t\u1ec9nh v\u00e0 c\u00e1c Hotline tr\u00ean to\u00e0n qu\u1ed1c.<\/p>\n\n\n\n<p>\u0110\u1ed1i t\u01b0\u1ee3ng ch\u00ednh M\u1ea1ng l\u01b0\u1edbi t\u1eadp trung h\u1ed7 tr\u1ee3 l\u00e0 b\u1ec7nh nh\u00e2n COVID-19 c\u1ea7n h\u1ed7 tr\u1ee3 kh\u1ea9n c\u1ea5p, tr\u01b0\u1eddng h\u1ee3p x\u00e1c \u0111\u1ecbnh ch\u01b0a k\u1ecbp \u0111\u01b0\u1ee3c \u0111\u01b0a \u0111\u1ebfn c\u01a1 s\u1edf y t\u1ebf \u0111i\u1ec1u tr\u1ecb (do m\u1edbi ph\u00e1t hi\u1ec7n ho\u1eb7c do c\u01a1 s\u1edf qu\u00e1 t\u1ea3i); tr\u01b0\u1eddng h\u1ee3p x\u00e1c \u0111\u1ecbnh c\u00f3 ch\u1ec9 \u0111\u1ecbnh theo d\u00f5i \u0111i\u1ec1u tr\u1ecb t\u1ea1i nh\u00e0 sau \u0111i\u1ec1u tr\u1ecb ban \u0111\u1ea7u t\u1ea1i c\u01a1 s\u1edf Y t\u1ebf theo h\u01b0\u1edbng d\u1eabn c\u1ee7a B\u1ed9 Y t\u1ebf; tr\u01b0\u1eddng h\u1ee3p ti\u1ebfp x\u00fac c\u00f3 tri\u1ec7u ch\u1ee9ng nh\u01b0ng x\u00e9t nghi\u1ec7m g\u1ea7n nh\u1ea5t cho k\u1ebft qu\u1ea3 \u00e2m t\u00ednh; tr\u01b0\u1eddng h\u1ee3p ti\u1ebfp x\u00fac nguy c\u01a1 cao v\u00ec \u1edf chung trong kh\u00f4ng gian k\u00edn v\u1edbi b\u1ec7nh nh\u00e2n COVID-19.<\/p>\n\n\n\n<p>\u0110\u00e2y l\u00e0 nh\u00f3m \u0111\u1ed1i t\u01b0\u1ee3ng d\u1ec5 t\u1ed5n th\u01b0\u01a1ng do ch\u01b0a bi\u1ebft t\u00ecnh tr\u1ea1ng c\u1ee7a m\u00ecnh \u1edf m\u1ee9c \u0111\u1ed9 n\u00e0o, khi n\u00e0o th\u00ec m\u00ecnh c\u1ea7n ph\u1ea3i\/ \u0111\u01b0\u1ee3c \u0111\u01b0a \u0111i b\u1ec7nh vi\u1ec7n \u0111i\u1ec1u tr\u1ecb; ch\u01b0a bi\u1ebft ph\u1ea3i g\u1ecdi cho chuy\u00ean gia Y t\u1ebf n\u00e0o v\u00e0 \u1edf \u0111\u00e2u \u0111\u1ec3 h\u1ecfi \u00fd ki\u1ebfn khi \u0111ang t\u1ef1 c\u00e1ch ly t\u1ea1i nh\u00e0; ch\u01b0a li\u00ean h\u1ec7 \u0111\u01b0\u1ee3c c\u01a1 quan Y t\u1ebf khi tr\u1edf b\u1ec7nh n\u1eb7ng h\u01a1n v\u00e0 d\u1ec5 mang t\u00e2m l\u00fd hoang mang d\u1eabn \u0111\u1ebfn ho\u1ea3ng lo\u1ea1n.<\/p>\n\n\n\n<figure class=\"wp-block-image size-full\"><img loading=\"lazy\" decoding=\"async\" width=\"900\" height=\"900\" src=\"https:\/\/wellness4all.net\/wp-content\/uploads\/2022\/05\/mang-luoi-thay-thuoc-dong-hanh.png\" alt=\"\" class=\"wp-image-603\" srcset=\"https:\/\/wellness4all.net\/wp-content\/uploads\/2022\/05\/mang-luoi-thay-thuoc-dong-hanh.png 900w, https:\/\/wellness4all.net\/wp-content\/uploads\/2022\/05\/mang-luoi-thay-thuoc-dong-hanh-300x300.png 300w, https:\/\/wellness4all.net\/wp-content\/uploads\/2022\/05\/mang-luoi-thay-thuoc-dong-hanh-150x150.png 150w, https:\/\/wellness4all.net\/wp-content\/uploads\/2022\/05\/mang-luoi-thay-thuoc-dong-hanh-768x768.png 768w\" sizes=\"auto, (max-width: 900px) 100vw, 900px\" \/><figcaption>Ho\u1ea1t \u0111\u1ed9ng ch\u00ednh c\u1ee7a M\u1ea1ng l\u01b0\u1edbi l\u00e0 \u1ee9ng d\u1ee5ng c\u00f4ng ngh\u1ec7 v\u00e0 \u0111i\u1ec1u ph\u1ed1i ngu\u1ed3n l\u1ef1c c\u1ed9ng \u0111\u1ed3ng<\/figcaption><\/figure>\n\n\n\n<p>(1) <strong>K\u1ebft n\u1ed1i v\u00e0 ph\u00e2n nh\u00f3m m\u1ea1ng l\u01b0\u1edbi t\u00ecnh nguy\u1ec7n vi\u00ean l\u00e0 nh\u00e2n vi\u00ean y t\u1ebf v\u00e0 y b\u00e1c s\u1ef9 tr\u00ean c\u1ea3 n\u01b0\u1edbc ch\u1ee7 \u0111\u1ed9ng li\u00ean h\u1ec7 v\u1edbi b\u1ec7nh nh\u00e2n COVID-19<\/strong> \u0111\u1ec3:<\/p>\n\n\n\n<p>&#8211; Th\u0103m h\u1ecfi, h\u01b0\u1edbng d\u1eabn ch\u0103m s\u00f3c s\u1ee9c kho\u1ebb ch\u1ee7 \u0111\u1ed9ng<\/p>\n\n\n\n<p>&#8211; T\u01b0 v\u1ea5n y t\u1ebf v\u00e0 \u0111\u00e1nh gi\u00e1 t\u00ecnh tr\u1ea1ng b\u1ec7nh nh\u00e2n<\/p>\n\n\n\n<p><strong>(2) \u1ee8ng d\u1ee5ng c\u00f4ng ngh\u1ec7<\/strong><\/p>\n\n\n\n<p>&#8211; V\u1eadn h\u00e0nh t\u1ed5ng \u0111\u00e0i k\u1ebft n\u1ed1i tr\u1ef1c tuy\u1ebfn, ph\u00e1t tri\u1ec3n c\u00f4ng c\u1ee5 \u0111i\u1ec1u ph\u1ed1i c\u00f4ng vi\u1ec7c theo th\u1eddi gian th\u1ef1c cho t\u00ecnh nguy\u1ec7n vi\u00ean, gi\u00fap h\u00e0ng ng\u00e0n Y b\u00e1c s\u1ef9 c\u00f3 th\u1ec3 \u0111\u1ed3ng th\u1eddi t\u01b0 v\u1ea5n t\u1eeb xa cho b\u1ec7nh nh\u00e2n; ghi v\u00e0 chia s\u1ebb k\u1ebft qu\u1ea3 qua c\u00e1c c\u1ea5p, tr\u00e1nh tr\u00f9ng l\u1eb7p \u0111\u1ed1i t\u01b0\u1ee3ng.<\/p>\n\n\n\n<p>&#8211; Ph\u00e2n t\u00edch d\u1eef li\u1ec7u, cung c\u1ea5p th\u00eam th\u00f4ng tin v\u1ec1 c\u00e1c ca b\u1ec7nh n\u1eb7ng, h\u1ed7 tr\u1ee3 ng\u00e0nh Y t\u1ebf trong vi\u1ec7c \u0111i\u1ec1u ph\u1ed1i ngu\u1ed3n l\u1ef1c c\u1ea5p c\u1ee9u.<\/p>\n\n\n\n<p>(3) <strong>Truy\u1ec1n th\u00f4ng n\u00e2ng cao nh\u1eadn th\u1ee9c<\/strong> c\u1ed9ng \u0111\u1ed3ng v\u1ec1 ch\u0103m s\u00f3c s\u1ee9c kho\u1ebb ch\u1ee7 \u0111\u1ed9ng v\u00e0 c\u00e1c b\u01b0\u1edbc x\u1eed l\u00fd c\u01a1 b\u1ea3n t\u1ea1i nh\u00e0 trong tr\u01b0\u1eddng h\u1ee3p nghi nhi\u1ec5m COVID-19 theo h\u01b0\u1edbng d\u1eabn c\u1ee7a B\u1ed9 Y t\u1ebf.<\/p>\n","protected":false},"excerpt":{"rendered":"<p>G\u1ecdi ngay t\u1ed5ng \u0111\u00e0i 024.1022 \u0111\u1ec3 \u0111\u01b0\u1ee3c t\u01b0 v\u1ea5n \u0111i\u1ec1u tr\u1ecb COVID-19 v\u00e0 h\u1eadu COVID-19 mi\u1ec5n ph\u00ed b\u1edfi&#8230;<\/p>\n","protected":false},"author":1,"featured_media":0,"parent":0,"menu_order":21,"comment_status":"closed","ping_status":"closed","template":"templates\/page-single.php","meta":{"om_disable_all_campaigns":false,"_monsterinsights_skip_tracking":false,"_monsterinsights_sitenote_active":false,"_monsterinsights_sitenote_note":"","_monsterinsights_sitenote_category":0,"_uf_show_specific_survey":0,"_uf_disable_surveys":false,"footnotes":""},"class_list":["post-2878","page","type-page","status-publish","hentry"],"acf":[],"aioseo_notices":[],"yoast_head":"<!-- This site is optimized with the Yoast SEO plugin v22.2 - https:\/\/yoast.com\/wordpress\/plugins\/seo\/ -->\n<title>M\u1ea1ng l\u01b0\u1edbi &quot;Th\u1ea7y thu\u1ed1c \u0111\u1ed3ng h\u00e0nh&quot; h\u1ed7 tr\u1ee3 t\u1eeb xa kh\u1ea9n c\u1ea5p cho c\u00e1c b\u1ec7nh nh\u00e2n COVID-19 - Wellness4All<\/title>\n<meta name=\"robots\" content=\"index, follow, max-snippet:-1, max-image-preview:large, max-video-preview:-1\" \/>\n<link rel=\"canonical\" href=\"https:\/\/wellness4all.net\/mang-luoi-thay-thuoc-dong-hanh-ho-tro-tu-xa-khan-cap-cho-cac-benh-nhan-covid-19\/\" \/>\n<meta property=\"og:locale\" content=\"en_US\" \/>\n<meta property=\"og:type\" content=\"article\" \/>\n<meta property=\"og:title\" content=\"M\u1ea1ng l\u01b0\u1edbi &quot;Th\u1ea7y thu\u1ed1c \u0111\u1ed3ng h\u00e0nh&quot; h\u1ed7 tr\u1ee3 t\u1eeb xa kh\u1ea9n c\u1ea5p cho c\u00e1c b\u1ec7nh nh\u00e2n COVID-19 - Wellness4All\" \/>\n<meta property=\"og:description\" content=\"G\u1ecdi ngay t\u1ed5ng \u0111\u00e0i 024.1022 \u0111\u1ec3 \u0111\u01b0\u1ee3c t\u01b0 v\u1ea5n \u0111i\u1ec1u tr\u1ecb COVID-19 v\u00e0 h\u1eadu COVID-19 mi\u1ec5n ph\u00ed b\u1edfi...\" \/>\n<meta property=\"og:url\" content=\"https:\/\/wellness4all.net\/mang-luoi-thay-thuoc-dong-hanh-ho-tro-tu-xa-khan-cap-cho-cac-benh-nhan-covid-19\/\" \/>\n<meta property=\"og:site_name\" content=\"Wellness4All\" \/>\n<meta property=\"og:image\" content=\"https:\/\/wellness4all.net\/wp-content\/uploads\/2022\/05\/mang-luoi-thay-thuoc-dong-hanh.png\" \/>\n<meta name=\"twitter:card\" content=\"summary_large_image\" \/>\n<meta name=\"twitter:label1\" content=\"Est. reading time\" \/>\n\t<meta name=\"twitter:data1\" content=\"3 minutes\" \/>\n<script type=\"application\/ld+json\" class=\"yoast-schema-graph\">{\"@context\":\"https:\/\/schema.org\",\"@graph\":[{\"@type\":\"WebPage\",\"@id\":\"https:\/\/wellness4all.net\/mang-luoi-thay-thuoc-dong-hanh-ho-tro-tu-xa-khan-cap-cho-cac-benh-nhan-covid-19\/\",\"url\":\"https:\/\/wellness4all.net\/mang-luoi-thay-thuoc-dong-hanh-ho-tro-tu-xa-khan-cap-cho-cac-benh-nhan-covid-19\/\",\"name\":\"M\u1ea1ng l\u01b0\u1edbi \\\"Th\u1ea7y thu\u1ed1c \u0111\u1ed3ng h\u00e0nh\\\" h\u1ed7 tr\u1ee3 t\u1eeb xa kh\u1ea9n c\u1ea5p cho c\u00e1c b\u1ec7nh nh\u00e2n COVID-19 - Wellness4All\",\"isPartOf\":{\"@id\":\"https:\/\/wellness4all.net\/#website\"},\"primaryImageOfPage\":{\"@id\":\"https:\/\/wellness4all.net\/mang-luoi-thay-thuoc-dong-hanh-ho-tro-tu-xa-khan-cap-cho-cac-benh-nhan-covid-19\/#primaryimage\"},\"image\":{\"@id\":\"https:\/\/wellness4all.net\/mang-luoi-thay-thuoc-dong-hanh-ho-tro-tu-xa-khan-cap-cho-cac-benh-nhan-covid-19\/#primaryimage\"},\"thumbnailUrl\":\"https:\/\/wellness4all.net\/wp-content\/uploads\/2022\/05\/mang-luoi-thay-thuoc-dong-hanh.png\",\"datePublished\":\"2022-05-23T15:34:02+00:00\",\"dateModified\":\"2022-05-23T15:34:02+00:00\",\"breadcrumb\":{\"@id\":\"https:\/\/wellness4all.net\/mang-luoi-thay-thuoc-dong-hanh-ho-tro-tu-xa-khan-cap-cho-cac-benh-nhan-covid-19\/#breadcrumb\"},\"inLanguage\":\"en-US\",\"potentialAction\":[{\"@type\":\"ReadAction\",\"target\":[\"https:\/\/wellness4all.net\/mang-luoi-thay-thuoc-dong-hanh-ho-tro-tu-xa-khan-cap-cho-cac-benh-nhan-covid-19\/\"]}]},{\"@type\":\"ImageObject\",\"inLanguage\":\"en-US\",\"@id\":\"https:\/\/wellness4all.net\/mang-luoi-thay-thuoc-dong-hanh-ho-tro-tu-xa-khan-cap-cho-cac-benh-nhan-covid-19\/#primaryimage\",\"url\":\"https:\/\/wellness4all.net\/wp-content\/uploads\/2022\/05\/mang-luoi-thay-thuoc-dong-hanh.png\",\"contentUrl\":\"https:\/\/wellness4all.net\/wp-content\/uploads\/2022\/05\/mang-luoi-thay-thuoc-dong-hanh.png\",\"width\":900,\"height\":900},{\"@type\":\"BreadcrumbList\",\"@id\":\"https:\/\/wellness4all.net\/mang-luoi-thay-thuoc-dong-hanh-ho-tro-tu-xa-khan-cap-cho-cac-benh-nhan-covid-19\/#breadcrumb\",\"itemListElement\":[{\"@type\":\"ListItem\",\"position\":1,\"name\":\"Home\",\"item\":\"https:\/\/wellness4all.net\/en\/\"},{\"@type\":\"ListItem\",\"position\":2,\"name\":\"M\u1ea1ng l\u01b0\u1edbi &#8220;Th\u1ea7y thu\u1ed1c \u0111\u1ed3ng h\u00e0nh&#8221; h\u1ed7 tr\u1ee3 t\u1eeb xa kh\u1ea9n c\u1ea5p cho c\u00e1c b\u1ec7nh nh\u00e2n COVID-19\"}]},{\"@type\":\"WebSite\",\"@id\":\"https:\/\/wellness4all.net\/#website\",\"url\":\"https:\/\/wellness4all.net\/\",\"name\":\"Wellness4All\",\"description\":\"V\u00ec s\u1ee9c kh\u1ecfe v\u00e0 an to\u00e0n cho ng\u01b0\u1eddi lao \u0111\u1ed9ng\",\"publisher\":{\"@id\":\"https:\/\/wellness4all.net\/#organization\"},\"potentialAction\":[{\"@type\":\"SearchAction\",\"target\":{\"@type\":\"EntryPoint\",\"urlTemplate\":\"https:\/\/wellness4all.net\/?s={search_term_string}\"},\"query-input\":\"required name=search_term_string\"}],\"inLanguage\":\"en-US\"},{\"@type\":\"Organization\",\"@id\":\"https:\/\/wellness4all.net\/#organization\",\"name\":\"Wellness4All\",\"url\":\"https:\/\/wellness4all.net\/\",\"logo\":{\"@type\":\"ImageObject\",\"inLanguage\":\"en-US\",\"@id\":\"https:\/\/wellness4all.net\/#\/schema\/logo\/image\/\",\"url\":\"https:\/\/wellness4all.net\/wp-content\/uploads\/2023\/07\/well_logo.png\",\"contentUrl\":\"https:\/\/wellness4all.net\/wp-content\/uploads\/2023\/07\/well_logo.png\",\"width\":2511,\"height\":2423,\"caption\":\"Wellness4All\"},\"image\":{\"@id\":\"https:\/\/wellness4all.net\/#\/schema\/logo\/image\/\"}}]}<\/script>\n<!-- \/ Yoast SEO plugin. -->","yoast_head_json":{"title":"M\u1ea1ng l\u01b0\u1edbi \"Th\u1ea7y thu\u1ed1c \u0111\u1ed3ng h\u00e0nh\" h\u1ed7 tr\u1ee3 t\u1eeb xa kh\u1ea9n c\u1ea5p cho c\u00e1c b\u1ec7nh nh\u00e2n COVID-19 - Wellness4All","robots":{"index":"index","follow":"follow","max-snippet":"max-snippet:-1","max-image-preview":"max-image-preview:large","max-video-preview":"max-video-preview:-1"},"canonical":"https:\/\/wellness4all.net\/mang-luoi-thay-thuoc-dong-hanh-ho-tro-tu-xa-khan-cap-cho-cac-benh-nhan-covid-19\/","og_locale":"en_US","og_type":"article","og_title":"M\u1ea1ng l\u01b0\u1edbi \"Th\u1ea7y thu\u1ed1c \u0111\u1ed3ng h\u00e0nh\" h\u1ed7 tr\u1ee3 t\u1eeb xa kh\u1ea9n c\u1ea5p cho c\u00e1c b\u1ec7nh nh\u00e2n COVID-19 - Wellness4All","og_description":"G\u1ecdi ngay t\u1ed5ng \u0111\u00e0i 024.1022 \u0111\u1ec3 \u0111\u01b0\u1ee3c t\u01b0 v\u1ea5n \u0111i\u1ec1u tr\u1ecb COVID-19 v\u00e0 h\u1eadu COVID-19 mi\u1ec5n ph\u00ed b\u1edfi...","og_url":"https:\/\/wellness4all.net\/mang-luoi-thay-thuoc-dong-hanh-ho-tro-tu-xa-khan-cap-cho-cac-benh-nhan-covid-19\/","og_site_name":"Wellness4All","og_image":[{"url":"https:\/\/wellness4all.net\/wp-content\/uploads\/2022\/05\/mang-luoi-thay-thuoc-dong-hanh.png"}],"twitter_card":"summary_large_image","twitter_misc":{"Est. reading time":"3 minutes"},"schema":{"@context":"https:\/\/schema.org","@graph":[{"@type":"WebPage","@id":"https:\/\/wellness4all.net\/mang-luoi-thay-thuoc-dong-hanh-ho-tro-tu-xa-khan-cap-cho-cac-benh-nhan-covid-19\/","url":"https:\/\/wellness4all.net\/mang-luoi-thay-thuoc-dong-hanh-ho-tro-tu-xa-khan-cap-cho-cac-benh-nhan-covid-19\/","name":"M\u1ea1ng l\u01b0\u1edbi \"Th\u1ea7y thu\u1ed1c \u0111\u1ed3ng h\u00e0nh\" h\u1ed7 tr\u1ee3 t\u1eeb xa kh\u1ea9n c\u1ea5p cho c\u00e1c b\u1ec7nh nh\u00e2n COVID-19 - Wellness4All","isPartOf":{"@id":"https:\/\/wellness4all.net\/#website"},"primaryImageOfPage":{"@id":"https:\/\/wellness4all.net\/mang-luoi-thay-thuoc-dong-hanh-ho-tro-tu-xa-khan-cap-cho-cac-benh-nhan-covid-19\/#primaryimage"},"image":{"@id":"https:\/\/wellness4all.net\/mang-luoi-thay-thuoc-dong-hanh-ho-tro-tu-xa-khan-cap-cho-cac-benh-nhan-covid-19\/#primaryimage"},"thumbnailUrl":"https:\/\/wellness4all.net\/wp-content\/uploads\/2022\/05\/mang-luoi-thay-thuoc-dong-hanh.png","datePublished":"2022-05-23T15:34:02+00:00","dateModified":"2022-05-23T15:34:02+00:00","breadcrumb":{"@id":"https:\/\/wellness4all.net\/mang-luoi-thay-thuoc-dong-hanh-ho-tro-tu-xa-khan-cap-cho-cac-benh-nhan-covid-19\/#breadcrumb"},"inLanguage":"en-US","potentialAction":[{"@type":"ReadAction","target":["https:\/\/wellness4all.net\/mang-luoi-thay-thuoc-dong-hanh-ho-tro-tu-xa-khan-cap-cho-cac-benh-nhan-covid-19\/"]}]},{"@type":"ImageObject","inLanguage":"en-US","@id":"https:\/\/wellness4all.net\/mang-luoi-thay-thuoc-dong-hanh-ho-tro-tu-xa-khan-cap-cho-cac-benh-nhan-covid-19\/#primaryimage","url":"https:\/\/wellness4all.net\/wp-content\/uploads\/2022\/05\/mang-luoi-thay-thuoc-dong-hanh.png","contentUrl":"https:\/\/wellness4all.net\/wp-content\/uploads\/2022\/05\/mang-luoi-thay-thuoc-dong-hanh.png","width":900,"height":900},{"@type":"BreadcrumbList","@id":"https:\/\/wellness4all.net\/mang-luoi-thay-thuoc-dong-hanh-ho-tro-tu-xa-khan-cap-cho-cac-benh-nhan-covid-19\/#breadcrumb","itemListElement":[{"@type":"ListItem","position":1,"name":"Home","item":"https:\/\/wellness4all.net\/en\/"},{"@type":"ListItem","position":2,"name":"M\u1ea1ng l\u01b0\u1edbi &#8220;Th\u1ea7y thu\u1ed1c \u0111\u1ed3ng h\u00e0nh&#8221; h\u1ed7 tr\u1ee3 t\u1eeb xa kh\u1ea9n c\u1ea5p cho c\u00e1c b\u1ec7nh nh\u00e2n COVID-19"}]},{"@type":"WebSite","@id":"https:\/\/wellness4all.net\/#website","url":"https:\/\/wellness4all.net\/","name":"Wellness4All","description":"V\u00ec s\u1ee9c kh\u1ecfe v\u00e0 an to\u00e0n cho ng\u01b0\u1eddi lao \u0111\u1ed9ng","publisher":{"@id":"https:\/\/wellness4all.net\/#organization"},"potentialAction":[{"@type":"SearchAction","target":{"@type":"EntryPoint","urlTemplate":"https:\/\/wellness4all.net\/?s={search_term_string}"},"query-input":"required name=search_term_string"}],"inLanguage":"en-US"},{"@type":"Organization","@id":"https:\/\/wellness4all.net\/#organization","name":"Wellness4All","url":"https:\/\/wellness4all.net\/","logo":{"@type":"ImageObject","inLanguage":"en-US","@id":"https:\/\/wellness4all.net\/#\/schema\/logo\/image\/","url":"https:\/\/wellness4all.net\/wp-content\/uploads\/2023\/07\/well_logo.png","contentUrl":"https:\/\/wellness4all.net\/wp-content\/uploads\/2023\/07\/well_logo.png","width":2511,"height":2423,"caption":"Wellness4All"},"image":{"@id":"https:\/\/wellness4all.net\/#\/schema\/logo\/image\/"}}]}},"_links":{"self":[{"href":"https:\/\/wellness4all.net\/en\/wp-json\/wp\/v2\/pages\/2878","targetHints":{"allow":["GET"]}}],"collection":[{"href":"https:\/\/wellness4all.net\/en\/wp-json\/wp\/v2\/pages"}],"about":[{"href":"https:\/\/wellness4all.net\/en\/wp-json\/wp\/v2\/types\/page"}],"author":[{"embeddable":true,"href":"https:\/\/wellness4all.net\/en\/wp-json\/wp\/v2\/users\/1"}],"replies":[{"embeddable":true,"href":"https:\/\/wellness4all.net\/en\/wp-json\/wp\/v2\/comments?post=2878"}],"version-history":[{"count":0,"href":"https:\/\/wellness4all.net\/en\/wp-json\/wp\/v2\/pages\/2878\/revisions"}],"wp:attachment":[{"href":"https:\/\/wellness4all.net\/en\/wp-json\/wp\/v2\/media?parent=2878"}],"curies":[{"name":"wp","href":"https:\/\/api.w.org\/{rel}","templated":true}]}}