{"id":2877,"date":"2022-05-23T15:43:09","date_gmt":"2022-05-23T15:43:09","guid":{"rendered":"https:\/\/wellness4all.net\/tong-dai-024-1088-bat-mach-online-trong-mua-dich-benh-covid-19\/"},"modified":"2024-03-12T09:40:14","modified_gmt":"2024-03-12T09:40:14","slug":"tong-dai-cham-soc-suc-khoe","status":"publish","type":"page","link":"https:\/\/wellness4all.net\/en\/tong-dai-cham-soc-suc-khoe\/","title":{"rendered":"T\u1ed5ng \u0111\u00e0i ch\u0103m s\u00f3c s\u1ee9c kh\u1ecfe cho ng\u01b0\u1eddi lao \u0111\u1ed9ng"},"content":{"rendered":"\n<h1 class=\"wp-block-heading\"><\/h1>\n\n\n\n<p><strong>B\u1ea1n \u0111ang b\u0103n kho\u0103n v\u1ec1 t\u00ecnh tr\u1ea1ng s\u1ee9c kh\u1ecfe?\u00a0B\u1ea1n c\u1ea7n t\u00ecm ng\u01b0\u1eddi c\u00f3 chuy\u00ean m\u00f4n \u0111\u1ec3 t\u01b0 v\u1ea5n m\u00e0 ch\u01b0a \u0111\u1ebfn b\u1ec7nh vi\u1ec7n th\u0103m kh\u00e1m \u0111\u01b0\u1ee3c?\u00a0B\u1ea1n mu\u1ed1n t\u01b0 v\u1ea5n t\u1eeb xa \u0111\u1ec3 gi\u1ea3m nguy c\u01a1 nhi\u1ec5m b\u1ec7nh do ti\u1ebfp x\u00fac? Ch\u1ec9 c\u1ea7n nh\u1ea5c m\u00e1y g\u1ecdi ngay t\u1ed5ng \u0111\u00e0i ch\u0103m s\u00f3c s\u1ee9c kh\u1ecfe c\u1ee7a ch\u00fang t\u00f4i, c\u00e1c chuy\u00ean gia y t\u1ebf s\u1ebd t\u01b0 v\u1ea5n c\u1ee5 th\u1ec3 cho b\u1ea1n!<\/strong><\/p>\n\n\n\n<p><em><strong>L\u01b0u \u00fd: hi\u1ec7n t\u1ea1i, ho\u1ea1t \u0111\u1ed9ng n\u00e0y ch\u1ec9 d\u00e0nh ri\u00eang cho c\u00e1c nh\u00e0 m\u00e1y n\u1eb1m trong khu\u00f4n kh\u1ed5 d\u1ef1 \u00e1n Wellness4All<\/strong><\/em><\/p>\n\n\n\n<p>Ch\u1ec9 v\u1edbi gi\u00e1 c\u01b0\u1edbc vi\u1ec5n th\u00f4ng kho\u1ea3ng 1000\u0111\/ph\u00fat, g\u1ecdi t\u1ed5ng \u0111\u00e0i t\u01b0 v\u1ea5n&nbsp;ch\u00ednh l\u00e0 c\u00e1ch thu\u1eadn ti\u1ec7n \u0111\u1ec3 \u0111\u01b0\u1ee3c tham kh\u1ea3o \u00fd ki\u1ebfn c\u1ee7a b\u00e1c s\u0129 v\u1ec1 v\u1ea5n \u0111\u1ec1 s\u1ee9c kh\u1ecfe cho c\u00e1 nh\u00e2n v\u00e0 gia \u0111\u00ecnh m\u00ecnh.<\/p>\n\n\n\n<h2 class=\"wp-block-heading\">Nh\u1eefng l\u1ee3i \u00edch khi s\u1eed d\u1ee5ng d\u1ecbch v\u1ee5 t\u01b0 v\u1ea5n y t\u1ebf&nbsp;<\/h2>\n\n\n\n<p><strong>Ch\u1ee7 \u0111\u1ed9ng v\u1ec1 th\u1eddi gian:&nbsp;<\/strong>Ch\u1ec9 c\u1ea7n tranh th\u1ee7 th\u1eddi gian th\u1ef1c hi\u1ec7n cu\u1ed9c g\u1ecdi t\u1edbi t\u1ed5ng \u0111\u00e0i, ng\u01b0\u1eddi b\u1ec7nh s\u1ebd ch\u1ee7 \u0111\u1ed9ng h\u01a1n v\u00e0 ti\u1ebft ki\u1ec7m th\u1eddi gian th\u0103m kh\u00e1m t\u1ea1i b\u1ec7nh vi\u1ec7n.&nbsp;<\/p>\n\n\n\n<p><em><strong>X\u00f3a b\u1ecf r\u00e0o c\u1ea3n t\u00e2m l\u00fd:&nbsp;<\/strong><\/em>Qua \u0111i\u1ec7n tho\u1ea1i, ng\u01b0\u1eddi g\u1ecdi c\u00f3 th\u1ec3 m\u1ea1nh d\u1ea1n chia s\u1ebb nh\u1eefng d\u1ea5u hi\u1ec7u b\u1ec7nh t\u1eadt v\u00e0 c\u1ea3 nh\u1eefng th\u1eafc m\u1eafc, tr\u00e1nh \u0111\u01b0\u1ee3c t\u00e2m l\u00fd ng\u1ea1i ng\u00f9ng, \u0111\u1eb7c bi\u1ec7t l\u00e0 nh\u1eefng tr\u01b0\u1eddng h\u1ee3p m\u1eafc c\u00e1c b\u1ec7nh kh\u00f3 n\u00f3i nh\u01b0 b\u1ec7nh l\u00e2y truy\u1ec1n qua \u0111\u01b0\u1eddng t\u00ecnh d\u1ee5c, b\u1ec7nh v\u1ec1 da li\u1ec5u\u2026 \u0111\u1ed5i l\u1ea1i, b\u1ea1n c\u0169ng \u0111\u01b0\u1ee3c t\u01b0 v\u1ea5n r\u1ea5t chi ti\u1ebft v\u00e0 nhi\u1ec7t t\u00ecnh t\u1eeb ph\u00eda chuy\u00ean gia.&nbsp;<\/p>\n\n\n\n<p><em><strong>B\u1ea3o m\u1eadt th\u00f4ng tin:<\/strong><\/em>&nbsp;T\u1ea5t c\u1ea3 th\u00f4ng tin c\u00e1 nh\u00e2n ng\u01b0\u1eddi b\u1ec7nh, t\u00ecnh tr\u1ea1ng b\u1ec7nh l\u00fd s\u1ebd \u0111\u01b0\u1ee3c gi\u1eef k\u00edn, v\u00ec th\u1ebf, b\u1ec7nh nh\u00e2n c\u00f3 th\u1ec3 tho\u1ea3i m\u00e1i chia s\u1ebb v\u1edbi c\u00e1c b\u00e1c s\u0129 t\u01b0 v\u1ea5n m\u00e0 kh\u00f4ng c\u1ea7n lo l\u1eafng b\u1ea5t c\u1ee9 \u0111i\u1ec1u g\u00ec.<br><\/p>\n\n\n\n<h2 class=\"wp-block-heading\">C\u00e1ch g\u1ecdi t\u01b0 v\u1ea5n y t\u1ebf nh\u01b0 th\u1ebf n\u00e0o?&nbsp;<\/h2>\n\n\n\n<p>\u0110\u1ec3 g\u1eb7p c\u00e1c b\u00e1c s\u1ef9, b\u1ea1n b\u1ea5m s\u1ed1\u00a0T\u1ed5ng \u0111\u00e0i theo th\u00f4ng tin h\u01b0\u1edbng d\u1eabn t\u1eeb c\u00e1n b\u1ed9 y t\u1ebf ho\u1eb7c c\u00e1n b\u1ed9 An to\u00e0n nh\u00e0 m\u00e1y; b\u1ea1n c\u0169ng c\u00f3 th\u1ec3 t\u00ecm s\u1ed1 \u0111i\u1ec7n tho\u1ea1i li\u00ean h\u1ec7 trong Th\u00f4ng tin t\u00e0i kho\u1ea3n c\u00e1 nh\u00e2n c\u1ee7a b\u1ea1n. Nghe \u00a0h\u01b0\u1edbng d\u1eabn v\u00e0\u00a0<strong>ch\u1ecdn nh\u00e1nh <\/strong>t\u1eeb 1 \u0111\u1ebfn 3 \u0111\u1ec3 l\u1ef1a ch\u1ecdn n\u1ed9i dung t\u01b0 v\u1ea5n:<\/p>\n\n\n\n<ul class=\"wp-block-list\">\n<li>B\u1ea5m ph\u00edm 1: S\u1ee9c kh\u1ecfe t\u00e2m th\u1ea7n, t\u00e2m l\u00fd x\u00e3 h\u1ed9i<\/li>\n\n\n\n<li>B\u1ea5m ph\u00edm 2: S\u1ee9c kh\u1ecfe tr\u1ebb em<\/li>\n\n\n\n<li>B\u1ea5m ph\u00edm 3: S\u1ee9c kh\u1ecfe ng\u01b0\u1eddi l\u1edbn <\/li>\n<\/ul>\n\n\n\n<p>C\u00e1c b\u00e1c s\u1ef9 lu\u00f4n s\u1eb5n s\u00e0ng t\u01b0 v\u1ea5n cho b\u1ea1n t\u1eeb 8h-&gt;20h t\u1ea5t c\u1ea3 c\u00e1c ng\u00e0y trong tu\u1ea7n.<br>G\u1ecdi ngay&nbsp;khi b\u1ea1n c\u1ea7n s\u1ef1 t\u01b0 v\u1ea5n t\u1eeb c\u00e1c chuy\u00ean gia ch\u0103m s\u00f3c s\u1ee9c kh\u1ecfe nh\u00e9!<\/p>\n\n\n\n<p><\/p>\n\n\n\n<p><\/p>\n\n\n\n<p><\/p>\n","protected":false},"excerpt":{"rendered":"<p>B\u1ea1n \u0111ang b\u0103n kho\u0103n v\u1ec1 t\u00ecnh tr\u1ea1ng s\u1ee9c kh\u1ecfe?\u00a0B\u1ea1n c\u1ea7n t\u00ecm ng\u01b0\u1eddi c\u00f3 chuy\u00ean m\u00f4n \u0111\u1ec3 t\u01b0 v\u1ea5n&#8230;<\/p>\n","protected":false},"author":1,"featured_media":0,"parent":0,"menu_order":20,"comment_status":"closed","ping_status":"closed","template":"templates\/page-single.php","meta":{"om_disable_all_campaigns":false,"_monsterinsights_skip_tracking":false,"_monsterinsights_sitenote_active":false,"_monsterinsights_sitenote_note":"","_monsterinsights_sitenote_category":0,"_uf_show_specific_survey":0,"_uf_disable_surveys":false,"footnotes":""},"class_list":["post-2877","page","type-page","status-publish","hentry"],"acf":[],"aioseo_notices":[],"yoast_head":"<!-- This site is optimized with the Yoast SEO plugin v22.2 - https:\/\/yoast.com\/wordpress\/plugins\/seo\/ -->\n<title>T\u1ed5ng \u0111\u00e0i ch\u0103m s\u00f3c s\u1ee9c kh\u1ecfe cho ng\u01b0\u1eddi lao \u0111\u1ed9ng - Wellness4All<\/title>\n<meta name=\"robots\" content=\"index, follow, max-snippet:-1, max-image-preview:large, max-video-preview:-1\" \/>\n<link rel=\"canonical\" href=\"https:\/\/wellness4all.net\/tong-dai-cham-soc-suc-khoe\/\" \/>\n<meta property=\"og:locale\" content=\"en_US\" \/>\n<meta property=\"og:type\" content=\"article\" \/>\n<meta property=\"og:title\" content=\"T\u1ed5ng \u0111\u00e0i ch\u0103m s\u00f3c s\u1ee9c kh\u1ecfe cho ng\u01b0\u1eddi lao \u0111\u1ed9ng - Wellness4All\" \/>\n<meta property=\"og:description\" content=\"B\u1ea1n \u0111ang b\u0103n kho\u0103n v\u1ec1 t\u00ecnh tr\u1ea1ng s\u1ee9c kh\u1ecfe?\u00a0B\u1ea1n c\u1ea7n t\u00ecm ng\u01b0\u1eddi c\u00f3 chuy\u00ean m\u00f4n \u0111\u1ec3 t\u01b0 v\u1ea5n...\" \/>\n<meta property=\"og:url\" content=\"https:\/\/wellness4all.net\/tong-dai-cham-soc-suc-khoe\/\" \/>\n<meta property=\"og:site_name\" content=\"Wellness4All\" \/>\n<meta property=\"article:modified_time\" content=\"2024-03-12T09:40:14+00:00\" \/>\n<meta name=\"twitter:card\" content=\"summary_large_image\" \/>\n<meta name=\"twitter:label1\" content=\"Est. reading time\" \/>\n\t<meta name=\"twitter:data1\" content=\"2 minutes\" \/>\n<script type=\"application\/ld+json\" class=\"yoast-schema-graph\">{\"@context\":\"https:\/\/schema.org\",\"@graph\":[{\"@type\":\"WebPage\",\"@id\":\"https:\/\/wellness4all.net\/tong-dai-cham-soc-suc-khoe\/\",\"url\":\"https:\/\/wellness4all.net\/tong-dai-cham-soc-suc-khoe\/\",\"name\":\"T\u1ed5ng \u0111\u00e0i ch\u0103m s\u00f3c s\u1ee9c kh\u1ecfe cho ng\u01b0\u1eddi lao \u0111\u1ed9ng - Wellness4All\",\"isPartOf\":{\"@id\":\"https:\/\/wellness4all.net\/#website\"},\"datePublished\":\"2022-05-23T15:43:09+00:00\",\"dateModified\":\"2024-03-12T09:40:14+00:00\",\"breadcrumb\":{\"@id\":\"https:\/\/wellness4all.net\/tong-dai-cham-soc-suc-khoe\/#breadcrumb\"},\"inLanguage\":\"en-US\",\"potentialAction\":[{\"@type\":\"ReadAction\",\"target\":[\"https:\/\/wellness4all.net\/tong-dai-cham-soc-suc-khoe\/\"]}]},{\"@type\":\"BreadcrumbList\",\"@id\":\"https:\/\/wellness4all.net\/tong-dai-cham-soc-suc-khoe\/#breadcrumb\",\"itemListElement\":[{\"@type\":\"ListItem\",\"position\":1,\"name\":\"Home\",\"item\":\"https:\/\/wellness4all.net\/en\/\"},{\"@type\":\"ListItem\",\"position\":2,\"name\":\"T\u1ed5ng \u0111\u00e0i ch\u0103m s\u00f3c s\u1ee9c kh\u1ecfe cho ng\u01b0\u1eddi lao \u0111\u1ed9ng\"}]},{\"@type\":\"WebSite\",\"@id\":\"https:\/\/wellness4all.net\/#website\",\"url\":\"https:\/\/wellness4all.net\/\",\"name\":\"Wellness4All\",\"description\":\"V\u00ec s\u1ee9c kh\u1ecfe v\u00e0 an to\u00e0n cho ng\u01b0\u1eddi lao \u0111\u1ed9ng\",\"publisher\":{\"@id\":\"https:\/\/wellness4all.net\/#organization\"},\"potentialAction\":[{\"@type\":\"SearchAction\",\"target\":{\"@type\":\"EntryPoint\",\"urlTemplate\":\"https:\/\/wellness4all.net\/?s={search_term_string}\"},\"query-input\":\"required name=search_term_string\"}],\"inLanguage\":\"en-US\"},{\"@type\":\"Organization\",\"@id\":\"https:\/\/wellness4all.net\/#organization\",\"name\":\"Wellness4All\",\"url\":\"https:\/\/wellness4all.net\/\",\"logo\":{\"@type\":\"ImageObject\",\"inLanguage\":\"en-US\",\"@id\":\"https:\/\/wellness4all.net\/#\/schema\/logo\/image\/\",\"url\":\"https:\/\/wellness4all.net\/wp-content\/uploads\/2023\/07\/well_logo.png\",\"contentUrl\":\"https:\/\/wellness4all.net\/wp-content\/uploads\/2023\/07\/well_logo.png\",\"width\":2511,\"height\":2423,\"caption\":\"Wellness4All\"},\"image\":{\"@id\":\"https:\/\/wellness4all.net\/#\/schema\/logo\/image\/\"}}]}<\/script>\n<!-- \/ Yoast SEO plugin. -->","yoast_head_json":{"title":"T\u1ed5ng \u0111\u00e0i ch\u0103m s\u00f3c s\u1ee9c kh\u1ecfe cho ng\u01b0\u1eddi lao \u0111\u1ed9ng - Wellness4All","robots":{"index":"index","follow":"follow","max-snippet":"max-snippet:-1","max-image-preview":"max-image-preview:large","max-video-preview":"max-video-preview:-1"},"canonical":"https:\/\/wellness4all.net\/tong-dai-cham-soc-suc-khoe\/","og_locale":"en_US","og_type":"article","og_title":"T\u1ed5ng \u0111\u00e0i ch\u0103m s\u00f3c s\u1ee9c kh\u1ecfe cho ng\u01b0\u1eddi lao \u0111\u1ed9ng - Wellness4All","og_description":"B\u1ea1n \u0111ang b\u0103n kho\u0103n v\u1ec1 t\u00ecnh tr\u1ea1ng s\u1ee9c kh\u1ecfe?\u00a0B\u1ea1n c\u1ea7n t\u00ecm ng\u01b0\u1eddi c\u00f3 chuy\u00ean m\u00f4n \u0111\u1ec3 t\u01b0 v\u1ea5n...","og_url":"https:\/\/wellness4all.net\/tong-dai-cham-soc-suc-khoe\/","og_site_name":"Wellness4All","article_modified_time":"2024-03-12T09:40:14+00:00","twitter_card":"summary_large_image","twitter_misc":{"Est. reading time":"2 minutes"},"schema":{"@context":"https:\/\/schema.org","@graph":[{"@type":"WebPage","@id":"https:\/\/wellness4all.net\/tong-dai-cham-soc-suc-khoe\/","url":"https:\/\/wellness4all.net\/tong-dai-cham-soc-suc-khoe\/","name":"T\u1ed5ng \u0111\u00e0i ch\u0103m s\u00f3c s\u1ee9c kh\u1ecfe cho ng\u01b0\u1eddi lao \u0111\u1ed9ng - Wellness4All","isPartOf":{"@id":"https:\/\/wellness4all.net\/#website"},"datePublished":"2022-05-23T15:43:09+00:00","dateModified":"2024-03-12T09:40:14+00:00","breadcrumb":{"@id":"https:\/\/wellness4all.net\/tong-dai-cham-soc-suc-khoe\/#breadcrumb"},"inLanguage":"en-US","potentialAction":[{"@type":"ReadAction","target":["https:\/\/wellness4all.net\/tong-dai-cham-soc-suc-khoe\/"]}]},{"@type":"BreadcrumbList","@id":"https:\/\/wellness4all.net\/tong-dai-cham-soc-suc-khoe\/#breadcrumb","itemListElement":[{"@type":"ListItem","position":1,"name":"Home","item":"https:\/\/wellness4all.net\/en\/"},{"@type":"ListItem","position":2,"name":"T\u1ed5ng \u0111\u00e0i ch\u0103m s\u00f3c s\u1ee9c kh\u1ecfe cho ng\u01b0\u1eddi lao \u0111\u1ed9ng"}]},{"@type":"WebSite","@id":"https:\/\/wellness4all.net\/#website","url":"https:\/\/wellness4all.net\/","name":"Wellness4All","description":"V\u00ec s\u1ee9c kh\u1ecfe v\u00e0 an to\u00e0n cho ng\u01b0\u1eddi lao \u0111\u1ed9ng","publisher":{"@id":"https:\/\/wellness4all.net\/#organization"},"potentialAction":[{"@type":"SearchAction","target":{"@type":"EntryPoint","urlTemplate":"https:\/\/wellness4all.net\/?s={search_term_string}"},"query-input":"required name=search_term_string"}],"inLanguage":"en-US"},{"@type":"Organization","@id":"https:\/\/wellness4all.net\/#organization","name":"Wellness4All","url":"https:\/\/wellness4all.net\/","logo":{"@type":"ImageObject","inLanguage":"en-US","@id":"https:\/\/wellness4all.net\/#\/schema\/logo\/image\/","url":"https:\/\/wellness4all.net\/wp-content\/uploads\/2023\/07\/well_logo.png","contentUrl":"https:\/\/wellness4all.net\/wp-content\/uploads\/2023\/07\/well_logo.png","width":2511,"height":2423,"caption":"Wellness4All"},"image":{"@id":"https:\/\/wellness4all.net\/#\/schema\/logo\/image\/"}}]}},"_links":{"self":[{"href":"https:\/\/wellness4all.net\/en\/wp-json\/wp\/v2\/pages\/2877","targetHints":{"allow":["GET"]}}],"collection":[{"href":"https:\/\/wellness4all.net\/en\/wp-json\/wp\/v2\/pages"}],"about":[{"href":"https:\/\/wellness4all.net\/en\/wp-json\/wp\/v2\/types\/page"}],"author":[{"embeddable":true,"href":"https:\/\/wellness4all.net\/en\/wp-json\/wp\/v2\/users\/1"}],"replies":[{"embeddable":true,"href":"https:\/\/wellness4all.net\/en\/wp-json\/wp\/v2\/comments?post=2877"}],"version-history":[{"count":2,"href":"https:\/\/wellness4all.net\/en\/wp-json\/wp\/v2\/pages\/2877\/revisions"}],"predecessor-version":[{"id":4151,"href":"https:\/\/wellness4all.net\/en\/wp-json\/wp\/v2\/pages\/2877\/revisions\/4151"}],"wp:attachment":[{"href":"https:\/\/wellness4all.net\/en\/wp-json\/wp\/v2\/media?parent=2877"}],"curies":[{"name":"wp","href":"https:\/\/api.w.org\/{rel}","templated":true}]}}